{"id":6079,"date":"2022-11-19T03:14:56","date_gmt":"2022-11-19T03:14:56","guid":{"rendered":"https:\/\/atlasheritage.shop\/butik\/"},"modified":"2022-11-19T03:14:56","modified_gmt":"2022-11-19T03:14:56","slug":"butik","status":"publish","type":"page","link":"https:\/\/atlasheritage.shop\/da\/butik\/","title":{"rendered":"Butik"},"content":{"rendered":"","protected":false},"excerpt":{"rendered":"","protected":false},"author":1,"featured_media":0,"parent":0,"menu_order":0,"comment_status":"closed","ping_status":"closed","template":"","meta":{"footnotes":""},"class_list":["post-6079","page","type-page","status-publish","hentry"],"yoast_head":"<!-- This site is optimized with the Yoast SEO plugin v27.4 - https:\/\/yoast.com\/product\/yoast-seo-wordpress\/ -->\n<title>H\u00e5ndlavede berbert\u00e6pper til salg - unikke, b\u00e6redygtige og inkl. moms.<\/title>\n<meta name=\"description\" content=\"K\u00f8b unikke h\u00e5ndlavede berbert\u00e6pper - b\u00e6redygtige, inklusive moms, skabt til varme og stil. Gratis forsendelse + garanti. Find dit t\u00e6ppe nu.\" \/>\n<meta name=\"robots\" content=\"index, follow, max-snippet:-1, max-image-preview:large, max-video-preview:-1\" \/>\n<link rel=\"canonical\" href=\"https:\/\/atlasheritage.shop\/da\/butik\/\" \/>\n<meta property=\"og:locale\" content=\"da_DK\" \/>\n<meta property=\"og:type\" content=\"article\" \/>\n<meta property=\"og:title\" content=\"H\u00e5ndlavede berbert\u00e6pper til salg - unikke, b\u00e6redygtige og inkl. moms.\" \/>\n<meta property=\"og:description\" content=\"K\u00f8b unikke h\u00e5ndlavede berbert\u00e6pper - b\u00e6redygtige, inklusive moms, skabt til varme og stil. Gratis forsendelse + garanti. Find dit t\u00e6ppe nu.\" \/>\n<meta property=\"og:url\" content=\"https:\/\/atlasheritage.shop\/da\/butik\/\" \/>\n<meta property=\"og:site_name\" content=\"atlasheritage.shop\" \/>\n<meta property=\"article:publisher\" content=\"https:\/\/www.facebook.com\/atlasheritage.shop\/\" \/>\n<meta name=\"twitter:card\" content=\"summary_large_image\" \/>\n<script type=\"application\/ld+json\" class=\"yoast-schema-graph\">{\"@context\":\"https:\\\/\\\/schema.org\",\"@graph\":[{\"@type\":\"WebPage\",\"@id\":\"https:\\\/\\\/atlasheritage.shop\\\/da\\\/butik\\\/\",\"url\":\"https:\\\/\\\/atlasheritage.shop\\\/da\\\/butik\\\/\",\"name\":\"H\u00e5ndlavede berbert\u00e6pper til salg - unikke, b\u00e6redygtige og inkl. moms.\",\"isPartOf\":{\"@id\":\"https:\\\/\\\/atlasheritage.shop\\\/#website\"},\"datePublished\":\"2022-11-19T03:14:56+00:00\",\"description\":\"K\u00f8b unikke h\u00e5ndlavede berbert\u00e6pper - b\u00e6redygtige, inklusive moms, skabt til varme og stil. Gratis forsendelse + garanti. Find dit t\u00e6ppe nu.\",\"breadcrumb\":{\"@id\":\"https:\\\/\\\/atlasheritage.shop\\\/da\\\/butik\\\/#breadcrumb\"},\"inLanguage\":\"da-DK\",\"potentialAction\":[{\"@type\":\"ReadAction\",\"target\":[\"https:\\\/\\\/atlasheritage.shop\\\/da\\\/butik\\\/\"]}]},{\"@type\":\"BreadcrumbList\",\"@id\":\"https:\\\/\\\/atlasheritage.shop\\\/da\\\/butik\\\/#breadcrumb\",\"itemListElement\":[{\"@type\":\"ListItem\",\"position\":1,\"name\":\"Home\",\"item\":\"https:\\\/\\\/atlasheritage.shop\\\/\"},{\"@type\":\"ListItem\",\"position\":2,\"name\":\"Butik\"}]},{\"@type\":\"WebSite\",\"@id\":\"https:\\\/\\\/atlasheritage.shop\\\/#website\",\"url\":\"https:\\\/\\\/atlasheritage.shop\\\/\",\"name\":\"Atlas Heritage\",\"description\":\"\",\"publisher\":{\"@id\":\"https:\\\/\\\/atlasheritage.shop\\\/#organization\"},\"potentialAction\":[{\"@type\":\"SearchAction\",\"target\":{\"@type\":\"EntryPoint\",\"urlTemplate\":\"https:\\\/\\\/atlasheritage.shop\\\/?s={search_term_string}\"},\"query-input\":{\"@type\":\"PropertyValueSpecification\",\"valueRequired\":true,\"valueName\":\"search_term_string\"}}],\"inLanguage\":\"da-DK\"},{\"@type\":\"Organization\",\"@id\":\"https:\\\/\\\/atlasheritage.shop\\\/#organization\",\"name\":\"Atlas Heritage\",\"url\":\"https:\\\/\\\/atlasheritage.shop\\\/\",\"logo\":{\"@type\":\"ImageObject\",\"inLanguage\":\"da-DK\",\"@id\":\"https:\\\/\\\/atlasheritage.shop\\\/#\\\/schema\\\/logo\\\/image\\\/\",\"url\":\"https:\\\/\\\/atlasheritage.shop\\\/wp-content\\\/uploads\\\/2025\\\/02\\\/atlas-heritage-high-resolution-logo.webp\",\"contentUrl\":\"https:\\\/\\\/atlasheritage.shop\\\/wp-content\\\/uploads\\\/2025\\\/02\\\/atlas-heritage-high-resolution-logo.webp\",\"width\":2000,\"height\":1500,\"caption\":\"Atlas Heritage\"},\"image\":{\"@id\":\"https:\\\/\\\/atlasheritage.shop\\\/#\\\/schema\\\/logo\\\/image\\\/\"},\"sameAs\":[\"https:\\\/\\\/www.facebook.com\\\/atlasheritage.shop\\\/\",\"https:\\\/\\\/www.instagram.com\\\/atlasheritage.shop\\\/\",\"https:\\\/\\\/dk.pinterest.com\\\/atlasheritageshop\\\/\",\"https:\\\/\\\/www.tiktok.com\\\/@atlasheritage.shop\"]}]}<\/script>\n<!-- \/ Yoast SEO plugin. -->","yoast_head_json":{"title":"H\u00e5ndlavede berbert\u00e6pper til salg - unikke, b\u00e6redygtige og inkl. moms.","description":"K\u00f8b unikke h\u00e5ndlavede berbert\u00e6pper - b\u00e6redygtige, inklusive moms, skabt til varme og stil. Gratis forsendelse + garanti. Find dit t\u00e6ppe nu.","robots":{"index":"index","follow":"follow","max-snippet":"max-snippet:-1","max-image-preview":"max-image-preview:large","max-video-preview":"max-video-preview:-1"},"canonical":"https:\/\/atlasheritage.shop\/da\/butik\/","og_locale":"da_DK","og_type":"article","og_title":"H\u00e5ndlavede berbert\u00e6pper til salg - unikke, b\u00e6redygtige og inkl. moms.","og_description":"K\u00f8b unikke h\u00e5ndlavede berbert\u00e6pper - b\u00e6redygtige, inklusive moms, skabt til varme og stil. Gratis forsendelse + garanti. Find dit t\u00e6ppe nu.","og_url":"https:\/\/atlasheritage.shop\/da\/butik\/","og_site_name":"atlasheritage.shop","article_publisher":"https:\/\/www.facebook.com\/atlasheritage.shop\/","twitter_card":"summary_large_image","schema":{"@context":"https:\/\/schema.org","@graph":[{"@type":"WebPage","@id":"https:\/\/atlasheritage.shop\/da\/butik\/","url":"https:\/\/atlasheritage.shop\/da\/butik\/","name":"H\u00e5ndlavede berbert\u00e6pper til salg - unikke, b\u00e6redygtige og inkl. moms.","isPartOf":{"@id":"https:\/\/atlasheritage.shop\/#website"},"datePublished":"2022-11-19T03:14:56+00:00","description":"K\u00f8b unikke h\u00e5ndlavede berbert\u00e6pper - b\u00e6redygtige, inklusive moms, skabt til varme og stil. Gratis forsendelse + garanti. Find dit t\u00e6ppe nu.","breadcrumb":{"@id":"https:\/\/atlasheritage.shop\/da\/butik\/#breadcrumb"},"inLanguage":"da-DK","potentialAction":[{"@type":"ReadAction","target":["https:\/\/atlasheritage.shop\/da\/butik\/"]}]},{"@type":"BreadcrumbList","@id":"https:\/\/atlasheritage.shop\/da\/butik\/#breadcrumb","itemListElement":[{"@type":"ListItem","position":1,"name":"Home","item":"https:\/\/atlasheritage.shop\/"},{"@type":"ListItem","position":2,"name":"Butik"}]},{"@type":"WebSite","@id":"https:\/\/atlasheritage.shop\/#website","url":"https:\/\/atlasheritage.shop\/","name":"Atlas Heritage","description":"","publisher":{"@id":"https:\/\/atlasheritage.shop\/#organization"},"potentialAction":[{"@type":"SearchAction","target":{"@type":"EntryPoint","urlTemplate":"https:\/\/atlasheritage.shop\/?s={search_term_string}"},"query-input":{"@type":"PropertyValueSpecification","valueRequired":true,"valueName":"search_term_string"}}],"inLanguage":"da-DK"},{"@type":"Organization","@id":"https:\/\/atlasheritage.shop\/#organization","name":"Atlas Heritage","url":"https:\/\/atlasheritage.shop\/","logo":{"@type":"ImageObject","inLanguage":"da-DK","@id":"https:\/\/atlasheritage.shop\/#\/schema\/logo\/image\/","url":"https:\/\/atlasheritage.shop\/wp-content\/uploads\/2025\/02\/atlas-heritage-high-resolution-logo.webp","contentUrl":"https:\/\/atlasheritage.shop\/wp-content\/uploads\/2025\/02\/atlas-heritage-high-resolution-logo.webp","width":2000,"height":1500,"caption":"Atlas Heritage"},"image":{"@id":"https:\/\/atlasheritage.shop\/#\/schema\/logo\/image\/"},"sameAs":["https:\/\/www.facebook.com\/atlasheritage.shop\/","https:\/\/www.instagram.com\/atlasheritage.shop\/","https:\/\/dk.pinterest.com\/atlasheritageshop\/","https:\/\/www.tiktok.com\/@atlasheritage.shop"]}]}},"_links":{"self":[{"href":"https:\/\/atlasheritage.shop\/da\/wp-json\/wp\/v2\/pages\/6079","targetHints":{"allow":["GET"]}}],"collection":[{"href":"https:\/\/atlasheritage.shop\/da\/wp-json\/wp\/v2\/pages"}],"about":[{"href":"https:\/\/atlasheritage.shop\/da\/wp-json\/wp\/v2\/types\/page"}],"author":[{"embeddable":true,"href":"https:\/\/atlasheritage.shop\/da\/wp-json\/wp\/v2\/users\/1"}],"replies":[{"embeddable":true,"href":"https:\/\/atlasheritage.shop\/da\/wp-json\/wp\/v2\/comments?post=6079"}],"version-history":[{"count":0,"href":"https:\/\/atlasheritage.shop\/da\/wp-json\/wp\/v2\/pages\/6079\/revisions"}],"wp:attachment":[{"href":"https:\/\/atlasheritage.shop\/da\/wp-json\/wp\/v2\/media?parent=6079"}],"curies":[{"name":"wp","href":"https:\/\/api.w.org\/{rel}","templated":true}]}}