{"id":6080,"date":"2022-11-19T03:27:05","date_gmt":"2022-11-19T03:27:05","guid":{"rendered":"https:\/\/atlasheritage.shop\/contactez-nous\/"},"modified":"2022-11-19T03:27:05","modified_gmt":"2022-11-19T03:27:05","slug":"contactez-nous","status":"publish","type":"page","link":"https:\/\/atlasheritage.shop\/fr\/contactez-nous\/","title":{"rendered":"Contactez nous"},"content":{"rendered":"\t\t<div data-elementor-type=\"wp-page\" data-elementor-id=\"6080\" class=\"elementor elementor-6080\" data-elementor-post-type=\"page\">\n\t\t\t\t<div class=\"elementor-element elementor-element-ad8b8cf e-flex e-con-boxed kitify-col-width-auto-no ignore-docs-style-no kitify-disable-relative-no e-root-container elementor-top-section e-con e-parent\" data-id=\"ad8b8cf\" data-element_type=\"container\">\n\t\t\t\t\t<div class=\"e-con-inner\">\n\t\t\t\t<div class=\"elementor-element elementor-element-8511f7d kitify-breadcrumbs-page-title-yes elementor-widget kitify elementor-kitify-breadcrumbs\" data-id=\"8511f7d\" data-element_type=\"widget\" data-widget_type=\"kitify-breadcrumbs.default\">\n\t\t\t\t<div class=\"elementor-widget-container\">\n\t\t\t\n\t\t<div class=\"kitify-breadcrumbs\">\n\t\t<div class=\"kitify-breadcrumbs__content\">\n\t\t<div class=\"kitify-breadcrumbs__wrap\"><div class=\"kitify-breadcrumbs__item\"><a href=\"https:\/\/atlasheritage.shop\/fr\/\" class=\"kitify-breadcrumbs__item-link is-home\" rel=\"home\" title=\"Home\">Home<\/a><\/div>\n\t\t<\/div>\n\t\t<\/div>\n\t\t<\/div>\t\t<\/div>\n\t\t\t\t<\/div>\n\t\t\t\t\t<\/div>\n\t\t\t\t<\/div>\n\t\t<div class=\"elementor-element elementor-element-d13de65 e-flex e-con-boxed kitify-col-width-auto-no ignore-docs-style-no kitify-disable-relative-no e-root-container elementor-top-section e-con e-parent\" data-id=\"d13de65\" data-element_type=\"container\">\n\t\t\t\t\t<div class=\"e-con-inner\">\n\t\t\t\t<div class=\"elementor-element elementor-element-bf280fa elementor-widget elementor-widget-text-editor\" data-id=\"bf280fa\" data-element_type=\"widget\" data-widget_type=\"text-editor.default\">\n\t\t\t\t<div class=\"elementor-widget-container\">\n\t\t\t\t\t\t\t<p><span style=\"color: #000000;\">We\u2019re here to help with any questions you have about our products, shipping, or the craftsmanship behind our rugs. Whether you need details about the process, custom orders, or delivery \u2013 feel free to reach out.<\/span><\/p><p><span style=\"color: #000000;\"><strong>\u00a0Email:<\/strong> <a style=\"color: #000000;\" rel=\"noopener\">atlasheritage.shop@gmail.com<\/a><\/span><br \/><span style=\"color: #000000;\"><strong>\u00a0WhatsApp:<\/strong> <a style=\"color: #000000;\" target=\"_new\" rel=\"noopener\">+45 71 46 48 58<\/a><\/span><\/p><p><span style=\"color: #000000;\">We look forward to hearing from you!<\/span><\/p>\t\t\t\t\t\t<\/div>\n\t\t\t\t<\/div>\n\t\t\t\t\t<\/div>\n\t\t\t\t<\/div>\n\t\t\t\t<\/div>\n\t\t","protected":false},"excerpt":{"rendered":"<p>Accueil Nous sommes l\u00e0 pour r\u00e9pondre \u00e0 toutes les questions que vous vous posez sur nos produits, la livraison ou le savoir-faire artisanal de nos tapis. Que vous ayez besoin de d\u00e9tails sur le processus, les commandes personnalis\u00e9es ou la livraison, n&rsquo;h\u00e9sitez pas \u00e0 nous contacter. Courriel : atlasheritage.shop@gmail.com WhatsApp : +45 71 46 48 58 Nous attendons avec impatience\u2026<\/p>\n","protected":false},"author":1,"featured_media":0,"parent":0,"menu_order":0,"comment_status":"closed","ping_status":"closed","template":"elementor_header_footer","meta":{"footnotes":""},"class_list":["post-6080","page","type-page","status-publish","hentry"],"yoast_head":"<!-- This site is optimized with the Yoast SEO plugin v27.4 - https:\/\/yoast.com\/product\/yoast-seo-wordpress\/ -->\n<title>Contactez nous - atlasheritage.shop<\/title>\n<meta name=\"robots\" content=\"index, follow, max-snippet:-1, max-image-preview:large, max-video-preview:-1\" \/>\n<link rel=\"canonical\" href=\"https:\/\/atlasheritage.shop\/contactez-nous\/\" \/>\n<meta property=\"og:locale\" content=\"fr_FR\" \/>\n<meta property=\"og:type\" content=\"article\" \/>\n<meta property=\"og:title\" content=\"Contactez nous - atlasheritage.shop\" \/>\n<meta property=\"og:description\" content=\"Accueil Nous sommes l\u00e0 pour r\u00e9pondre \u00e0 toutes les questions que vous vous posez sur nos produits, la livraison ou le savoir-faire artisanal de nos tapis. Que vous ayez besoin de d\u00e9tails sur le processus, les commandes personnalis\u00e9es ou la livraison, n&rsquo;h\u00e9sitez pas \u00e0 nous contacter. Courriel : atlasheritage.shop@gmail.com WhatsApp : +45 71 46 48 58 Nous attendons avec impatience\u2026\" \/>\n<meta property=\"og:url\" content=\"https:\/\/atlasheritage.shop\/contactez-nous\/\" \/>\n<meta property=\"og:site_name\" content=\"atlasheritage.shop\" \/>\n<meta property=\"article:publisher\" content=\"https:\/\/www.facebook.com\/atlasheritage.shop\/\" \/>\n<meta name=\"twitter:card\" content=\"summary_large_image\" \/>\n<script type=\"application\/ld+json\" class=\"yoast-schema-graph\">{\"@context\":\"https:\\\/\\\/schema.org\",\"@graph\":[{\"@type\":\"WebPage\",\"@id\":\"https:\\\/\\\/atlasheritage.shop\\\/contactez-nous\\\/\",\"url\":\"https:\\\/\\\/atlasheritage.shop\\\/contactez-nous\\\/\",\"name\":\"Contactez nous - atlasheritage.shop\",\"isPartOf\":{\"@id\":\"https:\\\/\\\/atlasheritage.shop\\\/#website\"},\"datePublished\":\"2022-11-19T03:27:05+00:00\",\"breadcrumb\":{\"@id\":\"https:\\\/\\\/atlasheritage.shop\\\/contactez-nous\\\/#breadcrumb\"},\"inLanguage\":\"fr-FR\",\"potentialAction\":[{\"@type\":\"ReadAction\",\"target\":[\"https:\\\/\\\/atlasheritage.shop\\\/contactez-nous\\\/\"]}]},{\"@type\":\"BreadcrumbList\",\"@id\":\"https:\\\/\\\/atlasheritage.shop\\\/contactez-nous\\\/#breadcrumb\",\"itemListElement\":[{\"@type\":\"ListItem\",\"position\":1,\"name\":\"Home\",\"item\":\"https:\\\/\\\/atlasheritage.shop\\\/\"},{\"@type\":\"ListItem\",\"position\":2,\"name\":\"Contactez nous\"}]},{\"@type\":\"WebSite\",\"@id\":\"https:\\\/\\\/atlasheritage.shop\\\/#website\",\"url\":\"https:\\\/\\\/atlasheritage.shop\\\/\",\"name\":\"Atlas Heritage\",\"description\":\"\",\"publisher\":{\"@id\":\"https:\\\/\\\/atlasheritage.shop\\\/#organization\"},\"potentialAction\":[{\"@type\":\"SearchAction\",\"target\":{\"@type\":\"EntryPoint\",\"urlTemplate\":\"https:\\\/\\\/atlasheritage.shop\\\/?s={search_term_string}\"},\"query-input\":{\"@type\":\"PropertyValueSpecification\",\"valueRequired\":true,\"valueName\":\"search_term_string\"}}],\"inLanguage\":\"fr-FR\"},{\"@type\":\"Organization\",\"@id\":\"https:\\\/\\\/atlasheritage.shop\\\/#organization\",\"name\":\"Atlas Heritage\",\"url\":\"https:\\\/\\\/atlasheritage.shop\\\/\",\"logo\":{\"@type\":\"ImageObject\",\"inLanguage\":\"fr-FR\",\"@id\":\"https:\\\/\\\/atlasheritage.shop\\\/#\\\/schema\\\/logo\\\/image\\\/\",\"url\":\"https:\\\/\\\/atlasheritage.shop\\\/wp-content\\\/uploads\\\/2025\\\/02\\\/atlas-heritage-high-resolution-logo.webp\",\"contentUrl\":\"https:\\\/\\\/atlasheritage.shop\\\/wp-content\\\/uploads\\\/2025\\\/02\\\/atlas-heritage-high-resolution-logo.webp\",\"width\":2000,\"height\":1500,\"caption\":\"Atlas Heritage\"},\"image\":{\"@id\":\"https:\\\/\\\/atlasheritage.shop\\\/#\\\/schema\\\/logo\\\/image\\\/\"},\"sameAs\":[\"https:\\\/\\\/www.facebook.com\\\/atlasheritage.shop\\\/\",\"https:\\\/\\\/www.instagram.com\\\/atlasheritage.shop\\\/\",\"https:\\\/\\\/dk.pinterest.com\\\/atlasheritageshop\\\/\",\"https:\\\/\\\/www.tiktok.com\\\/@atlasheritage.shop\"]}]}<\/script>\n<!-- \/ Yoast SEO plugin. -->","yoast_head_json":{"title":"Contactez nous - atlasheritage.shop","robots":{"index":"index","follow":"follow","max-snippet":"max-snippet:-1","max-image-preview":"max-image-preview:large","max-video-preview":"max-video-preview:-1"},"canonical":"https:\/\/atlasheritage.shop\/contactez-nous\/","og_locale":"fr_FR","og_type":"article","og_title":"Contactez nous - atlasheritage.shop","og_description":"Accueil Nous sommes l\u00e0 pour r\u00e9pondre \u00e0 toutes les questions que vous vous posez sur nos produits, la livraison ou le savoir-faire artisanal de nos tapis. Que vous ayez besoin de d\u00e9tails sur le processus, les commandes personnalis\u00e9es ou la livraison, n&rsquo;h\u00e9sitez pas \u00e0 nous contacter. Courriel : atlasheritage.shop@gmail.com WhatsApp : +45 71 46 48 58 Nous attendons avec impatience\u2026","og_url":"https:\/\/atlasheritage.shop\/contactez-nous\/","og_site_name":"atlasheritage.shop","article_publisher":"https:\/\/www.facebook.com\/atlasheritage.shop\/","twitter_card":"summary_large_image","schema":{"@context":"https:\/\/schema.org","@graph":[{"@type":"WebPage","@id":"https:\/\/atlasheritage.shop\/contactez-nous\/","url":"https:\/\/atlasheritage.shop\/contactez-nous\/","name":"Contactez nous - atlasheritage.shop","isPartOf":{"@id":"https:\/\/atlasheritage.shop\/#website"},"datePublished":"2022-11-19T03:27:05+00:00","breadcrumb":{"@id":"https:\/\/atlasheritage.shop\/contactez-nous\/#breadcrumb"},"inLanguage":"fr-FR","potentialAction":[{"@type":"ReadAction","target":["https:\/\/atlasheritage.shop\/contactez-nous\/"]}]},{"@type":"BreadcrumbList","@id":"https:\/\/atlasheritage.shop\/contactez-nous\/#breadcrumb","itemListElement":[{"@type":"ListItem","position":1,"name":"Home","item":"https:\/\/atlasheritage.shop\/"},{"@type":"ListItem","position":2,"name":"Contactez nous"}]},{"@type":"WebSite","@id":"https:\/\/atlasheritage.shop\/#website","url":"https:\/\/atlasheritage.shop\/","name":"Atlas Heritage","description":"","publisher":{"@id":"https:\/\/atlasheritage.shop\/#organization"},"potentialAction":[{"@type":"SearchAction","target":{"@type":"EntryPoint","urlTemplate":"https:\/\/atlasheritage.shop\/?s={search_term_string}"},"query-input":{"@type":"PropertyValueSpecification","valueRequired":true,"valueName":"search_term_string"}}],"inLanguage":"fr-FR"},{"@type":"Organization","@id":"https:\/\/atlasheritage.shop\/#organization","name":"Atlas Heritage","url":"https:\/\/atlasheritage.shop\/","logo":{"@type":"ImageObject","inLanguage":"fr-FR","@id":"https:\/\/atlasheritage.shop\/#\/schema\/logo\/image\/","url":"https:\/\/atlasheritage.shop\/wp-content\/uploads\/2025\/02\/atlas-heritage-high-resolution-logo.webp","contentUrl":"https:\/\/atlasheritage.shop\/wp-content\/uploads\/2025\/02\/atlas-heritage-high-resolution-logo.webp","width":2000,"height":1500,"caption":"Atlas Heritage"},"image":{"@id":"https:\/\/atlasheritage.shop\/#\/schema\/logo\/image\/"},"sameAs":["https:\/\/www.facebook.com\/atlasheritage.shop\/","https:\/\/www.instagram.com\/atlasheritage.shop\/","https:\/\/dk.pinterest.com\/atlasheritageshop\/","https:\/\/www.tiktok.com\/@atlasheritage.shop"]}]}},"_links":{"self":[{"href":"https:\/\/atlasheritage.shop\/fr\/wp-json\/wp\/v2\/pages\/6080","targetHints":{"allow":["GET"]}}],"collection":[{"href":"https:\/\/atlasheritage.shop\/fr\/wp-json\/wp\/v2\/pages"}],"about":[{"href":"https:\/\/atlasheritage.shop\/fr\/wp-json\/wp\/v2\/types\/page"}],"author":[{"embeddable":true,"href":"https:\/\/atlasheritage.shop\/fr\/wp-json\/wp\/v2\/users\/1"}],"replies":[{"embeddable":true,"href":"https:\/\/atlasheritage.shop\/fr\/wp-json\/wp\/v2\/comments?post=6080"}],"version-history":[{"count":0,"href":"https:\/\/atlasheritage.shop\/fr\/wp-json\/wp\/v2\/pages\/6080\/revisions"}],"wp:attachment":[{"href":"https:\/\/atlasheritage.shop\/fr\/wp-json\/wp\/v2\/media?parent=6080"}],"curies":[{"name":"wp","href":"https:\/\/api.w.org\/{rel}","templated":true}]}}